{"id":3032,"date":"2017-06-14T22:19:54","date_gmt":"2017-06-14T22:19:54","guid":{"rendered":"http:\/\/www.tarkan.com\/?page_id=3032"},"modified":"2024-06-13T19:55:41","modified_gmt":"2024-06-13T16:55:41","slug":"single","status":"publish","type":"page","link":"http:\/\/www.tarkan.com\/en\/single\/","title":{"rendered":"SINGLE"},"content":{"rendered":"<p>[vc_row][vc_column][vc_empty_space height=&#8221;150px&#8221;]<div class=\"addon-themeum-title \" style=\"text-align:center;\"><div class=\"themeum-title title-normal normal\"><h2 class=\"thm-titlecustomstyle\" style=\"font-size:36px;word-wrap: break-word;line-height:36px;color:#ffffff;margin:10px 0 10px 0;padding:10px 0 10px 0;\">SINGLE<\/h2><\/div><\/div>[vc_empty_space height=&#8221;40px&#8221;]<div class=\"album-playsist-related  clearfix\"><div class=\"row\"><div id=\"post-4485\" class=\"col-sm-4\"><div class=\"strings-album-list\"><a href=\"http:\/\/www.tarkan.com\/en\/album\/anilarla-yasamak\/\"><img class=\"img-responsive\" src=\"http:\/\/www.tarkan.com\/en\/wp-content\/uploads\/2025\/12\/anilarla-yasamak.jpg\" alt=\"ANILARLA YASAMAK\"><\/a><p><a href=\"http:\/\/www.tarkan.com\/en\/album\/anilarla-yasamak\/\">ANILARLA YASAMAK<\/a><\/p><span><\/span><\/div><\/div><div id=\"post-4474\" class=\"col-sm-4\"><div class=\"strings-album-list\"><a href=\"http:\/\/www.tarkan.com\/en\/album\/donmuyor-giden\/\"><img class=\"img-responsive\" src=\"http:\/\/www.tarkan.com\/en\/wp-content\/uploads\/2025\/11\/tarkan-donmuyor-giden.jpg\" alt=\"D\u00d6NM\u00dcYOR G\u0130DEN\"><\/a><p><a href=\"http:\/\/www.tarkan.com\/en\/album\/donmuyor-giden\/\">D\u00d6NM\u00dcYOR G\u0130DEN<\/a><\/p><span><\/span><\/div><\/div><div id=\"post-4392\" class=\"col-sm-4\"><div class=\"strings-album-list\"><a href=\"http:\/\/www.tarkan.com\/en\/album\/son-durak\/\"><img class=\"img-responsive\" src=\"http:\/\/www.tarkan.com\/en\/wp-content\/uploads\/2022\/11\/sondurak_tarkan.jpg\" alt=\"SON DURAK\"><\/a><p><a href=\"http:\/\/www.tarkan.com\/en\/album\/son-durak\/\">SON DURAK<\/a><\/p><span><\/span><\/div><\/div><\/div><div class=\"row\"><div id=\"post-4370\" class=\"col-sm-4\"><div class=\"strings-album-list\"><a href=\"http:\/\/www.tarkan.com\/en\/album\/yap-bi-guzellik\/\"><img class=\"img-responsive\" src=\"http:\/\/www.tarkan.com\/en\/wp-content\/uploads\/2022\/07\/yapbiguzellik.jpg\" alt=\"YAP B\u0130 G\u00dcZELL\u0130K\"><\/a><p><a href=\"http:\/\/www.tarkan.com\/en\/album\/yap-bi-guzellik\/\">YAP B\u0130 G\u00dcZELL\u0130K<\/a><\/p><span><\/span><\/div><\/div><div id=\"post-4351\" class=\"col-sm-4\"><div class=\"strings-album-list\"><a href=\"http:\/\/www.tarkan.com\/en\/album\/geccek\/\"><img class=\"img-responsive\" src=\"http:\/\/www.tarkan.com\/en\/wp-content\/uploads\/2022\/02\/CoverGeccek.jpg\" alt=\"GE\u00c7\u00c7EK\"><\/a><p><a href=\"http:\/\/www.tarkan.com\/en\/album\/geccek\/\">GE\u00c7\u00c7EK<\/a><\/p><span><\/span><\/div><\/div><div id=\"post-4214\" class=\"col-sm-4\"><div class=\"strings-album-list\"><a href=\"http:\/\/www.tarkan.com\/en\/album\/her-sey-fani-mahmut-orhan-remix\/\"><img class=\"img-responsive\" src=\"http:\/\/www.tarkan.com\/en\/wp-content\/uploads\/2018\/04\/herseyfani.jpg\" alt=\"HER \u015eEY FAN\u0130 &#8211; MAHMUT ORHAN REMIX\"><\/a><p><a href=\"http:\/\/www.tarkan.com\/en\/album\/her-sey-fani-mahmut-orhan-remix\/\">HER \u015eEY FAN\u0130 &#8211; MAHMUT ORHAN REMIX<\/a><\/p><span><\/span><\/div><\/div><\/div><div class=\"row\"><div id=\"post-4111\" class=\"col-sm-4\"><div class=\"strings-album-list\"><a href=\"http:\/\/www.tarkan.com\/en\/album\/yolla-pop-orient-mix\/\"><img class=\"img-responsive\" src=\"http:\/\/www.tarkan.com\/en\/wp-content\/uploads\/2017\/12\/pop-orient-mix.jpg\" alt=\"YOLLA &#8211; POP ORIENT MIX\"><\/a><p><a href=\"http:\/\/www.tarkan.com\/en\/album\/yolla-pop-orient-mix\/\">YOLLA &#8211; POP ORIENT MIX<\/a><\/p><span><\/span><\/div><\/div><div id=\"post-3011\" class=\"col-sm-4\"><div class=\"strings-album-list\"><a href=\"http:\/\/www.tarkan.com\/en\/album\/cuppa\/\"><img class=\"img-responsive\" src=\"http:\/\/www.tarkan.com\/en\/wp-content\/uploads\/2017\/06\/cuppa_4.jpg\" alt=\"CUPPA\"><\/a><p><a href=\"http:\/\/www.tarkan.com\/en\/album\/cuppa\/\">CUPPA<\/a><\/p><span><\/span><\/div><\/div><div id=\"post-2448\" class=\"col-sm-4\"><div class=\"strings-album-list\"><a href=\"http:\/\/www.tarkan.com\/en\/album\/kara-toprak\/\"><img class=\"img-responsive\" src=\"http:\/\/www.tarkan.com\/en\/wp-content\/uploads\/2017\/05\/karatoprak.jpg\" alt=\"KARA TOPRAK\"><\/a><p><a href=\"http:\/\/www.tarkan.com\/en\/album\/kara-toprak\/\">KARA TOPRAK<\/a><\/p><span><\/span><\/div><\/div><\/div><div class=\"row\"><div id=\"post-2470\" class=\"col-sm-4\"><div class=\"strings-album-list\"><a href=\"http:\/\/www.tarkan.com\/en\/album\/start-the-fire\/\"><img class=\"img-responsive\" src=\"http:\/\/www.tarkan.com\/en\/wp-content\/uploads\/2017\/05\/startthefire.jpg\" alt=\"START THE FIRE\"><\/a><p><a href=\"http:\/\/www.tarkan.com\/en\/album\/start-the-fire\/\">START THE FIRE<\/a><\/p><span><\/span><\/div><\/div><div id=\"post-2436\" class=\"col-sm-4\"><div class=\"strings-album-list\"><a href=\"http:\/\/www.tarkan.com\/en\/album\/bounce\/\"><img class=\"img-responsive\" src=\"http:\/\/www.tarkan.com\/en\/wp-content\/uploads\/2017\/05\/bounce.jpg\" alt=\"BOUNCE\"><\/a><p><a href=\"http:\/\/www.tarkan.com\/en\/album\/bounce\/\">BOUNCE<\/a><\/p><span><\/span><\/div><\/div><div id=\"post-2998\" class=\"col-sm-4\"><div class=\"strings-album-list\"><a href=\"http:\/\/www.tarkan.com\/en\/album\/hup-remix\/\"><img class=\"img-responsive\" src=\"http:\/\/www.tarkan.com\/en\/wp-content\/uploads\/2017\/06\/hupremix.jpg\" alt=\"H\u00dcP REMIX\"><\/a><p><a href=\"http:\/\/www.tarkan.com\/en\/album\/hup-remix\/\">H\u00dcP REMIX<\/a><\/p><span><\/span><\/div><\/div><\/div><div class=\"row\"><div id=\"post-2996\" class=\"col-sm-4\"><div class=\"strings-album-list\"><a href=\"http:\/\/www.tarkan.com\/en\/album\/kuzu-kuzu\/\"><img class=\"img-responsive\" src=\"http:\/\/www.tarkan.com\/en\/wp-content\/uploads\/2017\/06\/kuzukuzu.jpg\" alt=\"KUZU KUZU\"><\/a><p><a href=\"http:\/\/www.tarkan.com\/en\/album\/kuzu-kuzu\/\">KUZU KUZU<\/a><\/p><span><\/span><\/div><\/div><\/div><\/div>[vc_empty_space height=&#8221;100px&#8221;][\/vc_column][\/vc_row]<\/p>\n","protected":false},"excerpt":{"rendered":"<p>[vc_row][vc_column][vc_empty_space height=&#8221;150px&#8221;][vc_empty_space height=&#8221;40px&#8221;][vc_empty_space height=&#8221;100px&#8221;][\/vc_column][\/vc_row]<\/p>\n","protected":false},"author":1,"featured_media":0,"parent":0,"menu_order":0,"comment_status":"closed","ping_status":"closed","template":"","meta":[],"_links":{"self":[{"href":"http:\/\/www.tarkan.com\/en\/wp-json\/wp\/v2\/pages\/3032"}],"collection":[{"href":"http:\/\/www.tarkan.com\/en\/wp-json\/wp\/v2\/pages"}],"about":[{"href":"http:\/\/www.tarkan.com\/en\/wp-json\/wp\/v2\/types\/page"}],"author":[{"embeddable":true,"href":"http:\/\/www.tarkan.com\/en\/wp-json\/wp\/v2\/users\/1"}],"replies":[{"embeddable":true,"href":"http:\/\/www.tarkan.com\/en\/wp-json\/wp\/v2\/comments?post=3032"}],"version-history":[{"count":9,"href":"http:\/\/www.tarkan.com\/en\/wp-json\/wp\/v2\/pages\/3032\/revisions"}],"predecessor-version":[{"id":4423,"href":"http:\/\/www.tarkan.com\/en\/wp-json\/wp\/v2\/pages\/3032\/revisions\/4423"}],"wp:attachment":[{"href":"http:\/\/www.tarkan.com\/en\/wp-json\/wp\/v2\/media?parent=3032"}],"curies":[{"name":"wp","href":"https:\/\/api.w.org\/{rel}","templated":true}]}}