{"id":3555,"date":"2017-06-15T14:33:53","date_gmt":"2017-06-15T14:33:53","guid":{"rendered":"http:\/\/www.tarkan.com\/?page_id=3555"},"modified":"2024-06-13T20:02:39","modified_gmt":"2024-06-13T17:02:39","slug":"other","status":"publish","type":"page","link":"http:\/\/www.tarkan.com\/en\/other\/","title":{"rendered":"OTHER"},"content":{"rendered":"<p>[vc_row][vc_column][vc_empty_space height=&#8221;150px&#8221;]<div class=\"addon-themeum-title \" style=\"text-align:center;\"><div class=\"themeum-title title-normal normal\"><h2 class=\"thm-titlecustomstyle\" style=\"font-size:36px;word-wrap: break-word;line-height:36px;color:#ffffff;margin:10px 0 10px 0;padding:10px 0 10px 0;\">OTHER<\/h2><\/div><\/div>[vc_empty_space height=&#8221;40px&#8221;]<div class=\"album-playsist-related  clearfix\"><div class=\"row\"><div id=\"post-4429\" class=\"col-sm-4\"><div class=\"strings-album-list\"><a href=\"http:\/\/www.tarkan.com\/en\/album\/sen-rahat-uyu\/\"><img class=\"img-responsive\" src=\"http:\/\/www.tarkan.com\/en\/wp-content\/uploads\/2024\/06\/sen-rahat-uyu.jpg\" alt=\"SEN RAHAT UYU\"><\/a><p><a href=\"http:\/\/www.tarkan.com\/en\/album\/sen-rahat-uyu\/\">SEN RAHAT UYU<\/a><\/p><span><\/span><\/div><\/div><div id=\"post-4426\" class=\"col-sm-4\"><div class=\"strings-album-list\"><a href=\"http:\/\/www.tarkan.com\/en\/album\/hep-birlikte-milli-takim\/\"><img class=\"img-responsive\" src=\"http:\/\/www.tarkan.com\/en\/wp-content\/uploads\/2023\/08\/hep-birlikte-milli-takim.jpg\" alt=\"HEP B\u0130RL\u0130KTE M\u0130LL\u0130 TAKIM\"><\/a><p><a href=\"http:\/\/www.tarkan.com\/en\/album\/hep-birlikte-milli-takim\/\">HEP B\u0130RL\u0130KTE M\u0130LL\u0130 TAKIM<\/a><\/p><span><\/span><\/div><\/div><div id=\"post-2473\" class=\"col-sm-4\"><div class=\"strings-album-list\"><a href=\"http:\/\/www.tarkan.com\/en\/album\/uyan\/\"><img class=\"img-responsive\" src=\"http:\/\/www.tarkan.com\/en\/wp-content\/uploads\/2017\/05\/uyan.jpg\" alt=\"UYAN\"><\/a><p><a href=\"http:\/\/www.tarkan.com\/en\/album\/uyan\/\">UYAN<\/a><\/p><span><\/span><\/div><\/div><\/div><div class=\"row\"><div id=\"post-2461\" class=\"col-sm-4\"><div class=\"strings-album-list\"><a href=\"http:\/\/www.tarkan.com\/en\/album\/metamorfoz-remixes\/\"><img class=\"img-responsive\" src=\"http:\/\/www.tarkan.com\/en\/wp-content\/uploads\/2017\/05\/metamorfoz_remixes.jpg\" alt=\"METAMORFOZ REMIXES\"><\/a><p><a href=\"http:\/\/www.tarkan.com\/en\/album\/metamorfoz-remixes\/\">METAMORFOZ REMIXES<\/a><\/p><span><\/span><\/div><\/div><div id=\"post-2427\" class=\"col-sm-4\"><div class=\"strings-album-list\"><a href=\"http:\/\/www.tarkan.com\/en\/album\/ayrilik-zor\/\"><img class=\"img-responsive\" src=\"http:\/\/www.tarkan.com\/en\/wp-content\/uploads\/2017\/05\/ayrilikzor.jpg\" alt=\"AYRILIK ZOR\"><\/a><p><a href=\"http:\/\/www.tarkan.com\/en\/album\/ayrilik-zor\/\">AYRILIK ZOR<\/a><\/p><span><\/span><\/div><\/div><div id=\"post-2432\" class=\"col-sm-4\"><div class=\"strings-album-list\"><a href=\"http:\/\/www.tarkan.com\/en\/album\/bir-oluruz-yolunda\/\"><img class=\"img-responsive\" src=\"http:\/\/www.tarkan.com\/en\/wp-content\/uploads\/2017\/05\/birOluruz.jpg\" alt=\"B\u0130R OLURUZ YOLUNDA\"><\/a><p><a href=\"http:\/\/www.tarkan.com\/en\/album\/bir-oluruz-yolunda\/\">B\u0130R OLURUZ YOLUNDA<\/a><\/p><span><\/span><\/div><\/div><\/div><div class=\"row\"><div id=\"post-2466\" class=\"col-sm-4\"><div class=\"strings-album-list\"><a href=\"http:\/\/www.tarkan.com\/en\/album\/ozgurluk-icimizde\/\"><img class=\"img-responsive\" src=\"http:\/\/www.tarkan.com\/en\/wp-content\/uploads\/2017\/05\/ozgurlukicimizde.jpg\" alt=\"\u00d6ZG\u00dcRL\u00dcK \u0130\u00c7\u0130M\u0130ZDE\"><\/a><p><a href=\"http:\/\/www.tarkan.com\/en\/album\/ozgurluk-icimizde\/\">\u00d6ZG\u00dcRL\u00dcK \u0130\u00c7\u0130M\u0130ZDE<\/a><\/p><span><\/span><\/div><\/div><\/div><\/div>[vc_empty_space height=&#8221;100px&#8221;][\/vc_column][\/vc_row]<\/p>\n","protected":false},"excerpt":{"rendered":"<p>[vc_row][vc_column][vc_empty_space height=&#8221;150px&#8221;][vc_empty_space height=&#8221;40px&#8221;][vc_empty_space height=&#8221;100px&#8221;][\/vc_column][\/vc_row]<\/p>\n","protected":false},"author":1,"featured_media":0,"parent":0,"menu_order":0,"comment_status":"closed","ping_status":"closed","template":"","meta":[],"_links":{"self":[{"href":"http:\/\/www.tarkan.com\/en\/wp-json\/wp\/v2\/pages\/3555"}],"collection":[{"href":"http:\/\/www.tarkan.com\/en\/wp-json\/wp\/v2\/pages"}],"about":[{"href":"http:\/\/www.tarkan.com\/en\/wp-json\/wp\/v2\/types\/page"}],"author":[{"embeddable":true,"href":"http:\/\/www.tarkan.com\/en\/wp-json\/wp\/v2\/users\/1"}],"replies":[{"embeddable":true,"href":"http:\/\/www.tarkan.com\/en\/wp-json\/wp\/v2\/comments?post=3555"}],"version-history":[{"count":9,"href":"http:\/\/www.tarkan.com\/en\/wp-json\/wp\/v2\/pages\/3555\/revisions"}],"predecessor-version":[{"id":4425,"href":"http:\/\/www.tarkan.com\/en\/wp-json\/wp\/v2\/pages\/3555\/revisions\/4425"}],"wp:attachment":[{"href":"http:\/\/www.tarkan.com\/en\/wp-json\/wp\/v2\/media?parent=3555"}],"curies":[{"name":"wp","href":"https:\/\/api.w.org\/{rel}","templated":true}]}}